{"id":199,"date":"2025-05-04T04:42:33","date_gmt":"2025-05-04T08:42:33","guid":{"rendered":"https:\/\/webredox.net\/demo\/wp\/bauen\/light\/multi\/demo1\/?page_id=199"},"modified":"2026-01-30T11:34:33","modified_gmt":"2026-01-30T16:34:33","slug":"blog-design-de-cuisine-et-renovation-montreal","status":"publish","type":"page","link":"https:\/\/salsedesign.com\/en_ca\/blog-design-de-cuisine-et-renovation-montreal\/","title":{"rendered":"Blog"},"content":{"rendered":"<h2>Articles on kitchen design<\/h2>\n<p>Que vous soyez en pleine r\u00e9novation de cuisine, \u00e0 la recherche de mat\u00e9riaux haut de gamme ou simplement passionn\u00e9 de design int\u00e9rieur, nos articles sont faits pour vous.<br \/>\nD\u00e9couvrez nos derni\u00e8res nouveaut\u00e9s et des id\u00e9es pour sublimer vos espaces.<\/p>","protected":false},"excerpt":{"rendered":"<p>Articles sur le design de cuisines Que vous soyez en pleine r\u00e9novation de cuisine, \u00e0 la recherche de mat\u00e9riaux haut de gamme ou simplement passionn\u00e9 de design int\u00e9rieur, nos articles sont faits pour vous. D\u00e9couvrez nos derni\u00e8res nouveaut\u00e9s et des id\u00e9es pour sublimer vos espaces.<\/p>","protected":false},"author":1,"featured_media":8807,"parent":0,"menu_order":0,"comment_status":"closed","ping_status":"closed","template":"blog.php","meta":{"footnotes":"","_links_to":"","_links_to_target":""},"class_list":["post-199","page","type-page","status-publish","has-post-thumbnail","hentry"],"_links":{"self":[{"href":"https:\/\/salsedesign.com\/en_ca\/wp-json\/wp\/v2\/pages\/199","targetHints":{"allow":["GET"]}}],"collection":[{"href":"https:\/\/salsedesign.com\/en_ca\/wp-json\/wp\/v2\/pages"}],"about":[{"href":"https:\/\/salsedesign.com\/en_ca\/wp-json\/wp\/v2\/types\/page"}],"author":[{"embeddable":true,"href":"https:\/\/salsedesign.com\/en_ca\/wp-json\/wp\/v2\/users\/1"}],"replies":[{"embeddable":true,"href":"https:\/\/salsedesign.com\/en_ca\/wp-json\/wp\/v2\/comments?post=199"}],"version-history":[{"count":0,"href":"https:\/\/salsedesign.com\/en_ca\/wp-json\/wp\/v2\/pages\/199\/revisions"}],"wp:featuredmedia":[{"embeddable":true,"href":"https:\/\/salsedesign.com\/en_ca\/wp-json\/wp\/v2\/media\/8807"}],"wp:attachment":[{"href":"https:\/\/salsedesign.com\/en_ca\/wp-json\/wp\/v2\/media?parent=199"}],"curies":[{"name":"wp","href":"https:\/\/api.w.org\/{rel}","templated":true}]}}