{"id":1299,"date":"2022-05-09T09:08:12","date_gmt":"2022-05-09T09:08:12","guid":{"rendered":"https:\/\/webredox.net\/demo\/wp\/bauen\/light\/el\/multi\/demo1\/?page_id=1299"},"modified":"2026-02-26T10:47:04","modified_gmt":"2026-02-26T15:47:04","slug":"realisations","status":"publish","type":"page","link":"https:\/\/salsedesign.com\/en_ca\/realisations\/","title":{"rendered":"R\u00e9alisations"},"content":{"rendered":"<div data-elementor-type=\"wp-page\" data-elementor-id=\"1299\" class=\"elementor elementor-1299\" data-elementor-post-type=\"page\">\n\t\t\t\t\t\t<section class=\"elementor-section elementor-top-section elementor-element elementor-element-308d9415 elementor-section-full_width elementor-section-height-default elementor-section-height-default\" data-id=\"308d9415\" data-element_type=\"section\" data-e-type=\"section\">\n\t\t\t\t\t\t<div class=\"elementor-container elementor-column-gap-default\">\n\t\t\t\t\t<div class=\"elementor-column elementor-col-100 elementor-top-column elementor-element elementor-element-21cc6b3d\" data-id=\"21cc6b3d\" data-element_type=\"column\" data-e-type=\"column\">\n\t\t\t<div class=\"elementor-widget-wrap elementor-element-populated\">\n\t\t\t\t\t\t<div class=\"elementor-section elementor-inner-section elementor-element elementor-element-3ad7214 elementor-section-boxed elementor-section-height-default elementor-section-height-default\" data-id=\"3ad7214\" data-element_type=\"section\" data-e-type=\"section\">\n\t\t\t\t\t\t<div class=\"elementor-container elementor-column-gap-default\">\n\t\t\t\t\t<div class=\"elementor-column elementor-col-100 elementor-inner-column elementor-element elementor-element-42543b12\" data-id=\"42543b12\" data-element_type=\"column\" data-e-type=\"column\">\n\t\t\t<div class=\"elementor-widget-wrap elementor-element-populated\">\n\t\t\t\t\t\t<div class=\"elementor-element elementor-element-8401589 elementor-widget elementor-widget-bauen-title\" data-id=\"8401589\" data-element_type=\"widget\" data-e-type=\"widget\" data-widget_type=\"bauen-title.default\">\n\t\t\t\t<div class=\"elementor-widget-container\">\n\t\t\t\t\t\t\t\n\t\t\t\n\t\t\t\t\t\t<h2 class=\"section-title text-left translation-block\">Our realizations<\/h2>\n\t\t\t\t\n\t\t\t\t\n        \n\t\t\t\n        \t\t\t\t<\/div>\n\t\t\t\t<\/div>\n\t\t\t\t<div class=\"elementor-element elementor-element-73b689c elementor-widget elementor-widget-bauen-text\" data-id=\"73b689c\" data-element_type=\"widget\" data-e-type=\"widget\" data-widget_type=\"bauen-text.default\">\n\t\t\t\t<div class=\"elementor-widget-container\">\n\t\t\t\t\t\t\t<div class=\"bn-text-block clear\">\n\t\t<p data-path-to-node=\"6\" class=\"translation-block\">For us, <b data-path-to-node=\"6\" data-index-in-node=\"11\">every kitchen is unique<\/b>\u2014just like our clients.<br data-start=\"482\" data-end=\"485\">\nHere is a selection of projects designed to inspire you and reflect our expertise in custom kitchen design in <b data-path-to-node=\"6\" data-index-in-node=\"150\">bespoke kitchen design in Montreal. <\/b><\/p>\n<p data-path-to-node=\"7\" class=\"translation-block\">At Salse Design, every project is a quest for balance between your personal vision and our technical expertise. From the design of <b data-path-to-node=\"7\" data-index-in-node=\"139\">custom kitchen cabinets<\/b> to the selection of premium materials, we transform your home into an <b data-path-to-node=\"7\" data-index-in-node=\"246\">exceptional kitchen space.<\/b> Explore some of our projects, where every detail is considered to create the vibrant heart of your home.<\/p>\t\t<\/div>\n\t\t\t\t\t\t<\/div>\n\t\t\t\t<\/div>\n\t\t\t\t<div class=\"elementor-element elementor-element-1e0cee49 elementor-widget elementor-widget-bauen-portfolio-grid\" data-id=\"1e0cee49\" data-element_type=\"widget\" data-e-type=\"widget\" data-widget_type=\"bauen-portfolio-grid.default\">\n\t\t\t\t<div class=\"elementor-widget-container\">\n\t\t\t\t\t\n\t\t<div class=\"sec-portfolio projects\"> \n\t\t\t\n\t\t\t\t<div class=\"text-center col-md-12\">\n\t\t    <ul class=\"gallery-filters inline-dark-filters\">  \n                <li class=\"gallery-filter active\" data-filter=\"*\">All projects<\/li>\n\t\t\t\t                <li class=\"gallery-filter\" data-filter=\".bois\">Wood<\/li>\n\t\t\t\t                <li class=\"gallery-filter\" data-filter=\".clair\">Lighter<\/li>\n\t\t\t\t                <li class=\"gallery-filter\" data-filter=\".fonce\">Darker<\/li>\n\t\t\t\t            <\/ul>\n\t\t<\/div>\n\t\t\t\t\t\n\t\t\t<div class=\"container-after\">\n\t\t        \t\t\t\t<div class=\"row isotope-items-wrap  no-hide-last loadmore-wrapper\" data-load-item=\"6\" data-button-text=\"Charger plus\">\t\n\t\t\t\t\n\t\t\t\t\t\t\t\t\t\n\t\t\t\t\t\t\t\t\t\t<div class=\"isotope-item col-md-6 clair\">\n\t\t\t\t\t    <a href=\"https:\/\/salsedesign.com\/en_ca\/portfolio\/walnut\/\" class=\"position-re-block\">\n\t\t\t\t\t\t\t<div class=\"item\">\t\t\t\t\t\t\t\t\n\t\t\t\t\t\t\t\t\t\t\t\t\t\t\t\t<div class=\"position-re position-re-order-carousel o-hidden\">\n\t\t\t\t\t\t\t\t\t<div class=\"cd-pt-ab\">\n\t\t\t\t\t\t\t\t\t<img decoding=\"async\" src=\"https:\/\/salsedesign.com\/wp-content\/uploads\/2026\/02\/Salse_aussant_lateral.jpg\" alt=\"Walnut\">\n\t\t\t\t\t\t\t\t\t<\/div>\n\t\t\t\t\t\t\t\t<\/div>\n\t\t\t\t\t\t\t\t\t\t\t\t\t\t\t\t<div class=\"con overlay-full-auto\">\n\t\t\t\t\t\t\t\t\t<h6 class=\"category\"><span class=\"cat-divider\">Lighter  <\/span><\/h6>\n\t\t\t\t\t\t\t\t\t<h5 class=\"title bn-post-title-grid\">Walnut<\/h5>\n\t\t\t\t\t\t\t\t\t<div class=\"line\"><\/div>\n\t\t\t\t\t\t\t\t\t\t\n\t\t\t\t\t\t\t\t\t\t<i class=\"ti-arrow-right\"><\/i>\n\t\t\t\t\t\t\t\t\t\t\t\t\t\t\t\t\n\t\t\t\t\t\t\t\t<\/div>\t\t\t\t\t\t\t\t\t\n\t\t\t\t\t\t\t<\/div>\t\n\t\t\t\t\t\t<\/a>\t\t\t\t\t\t\t\t\t\t\n\t\t\t\t\t<\/div>\n\t\t\t\t\t\t\t\t\t\t\n\t\t\t\t\t\t\t\t\t\n\t\t\t\t\t\t\t\t\t\t<div class=\"isotope-item col-md-6 bois clair\">\n\t\t\t\t\t    <a href=\"https:\/\/salsedesign.com\/en_ca\/portfolio\/gaspe\/\" class=\"position-re-block\">\n\t\t\t\t\t\t\t<div class=\"item\">\t\t\t\t\t\t\t\t\n\t\t\t\t\t\t\t\t\t\t\t\t\t\t\t\t<div class=\"position-re position-re-order-carousel o-hidden\">\n\t\t\t\t\t\t\t\t\t<div class=\"cd-pt-ab\">\n\t\t\t\t\t\t\t\t\t<img decoding=\"async\" src=\"https:\/\/salsedesign.com\/wp-content\/uploads\/2024\/11\/Cuisine_Karine7-min.jpg\" alt=\"Gasp\u00e9\">\n\t\t\t\t\t\t\t\t\t<\/div>\n\t\t\t\t\t\t\t\t<\/div>\n\t\t\t\t\t\t\t\t\t\t\t\t\t\t\t\t<div class=\"con overlay-full-auto\">\n\t\t\t\t\t\t\t\t\t<h6 class=\"category\"><span class=\"cat-divider\">Wood  <\/span><span class=\"cat-divider\">Lighter  <\/span><\/h6>\n\t\t\t\t\t\t\t\t\t<h5 class=\"title bn-post-title-grid\">Gasp\u00e9<\/h5>\n\t\t\t\t\t\t\t\t\t<div class=\"line\"><\/div>\n\t\t\t\t\t\t\t\t\t\t\n\t\t\t\t\t\t\t\t\t\t<i class=\"ti-arrow-right\"><\/i>\n\t\t\t\t\t\t\t\t\t\t\t\t\t\t\t\t\n\t\t\t\t\t\t\t\t<\/div>\t\t\t\t\t\t\t\t\t\n\t\t\t\t\t\t\t<\/div>\t\n\t\t\t\t\t\t<\/a>\t\t\t\t\t\t\t\t\t\t\n\t\t\t\t\t<\/div>\n\t\t\t\t\t\t\t\t\t\t\n\t\t\t\t\t\t\t\t\t\n\t\t\t\t\t\t\t\t\t\t<div class=\"isotope-item col-md-6 clair\">\n\t\t\t\t\t    <a href=\"https:\/\/salsedesign.com\/en_ca\/portfolio\/letourneux\/\" class=\"position-re-block\">\n\t\t\t\t\t\t\t<div class=\"item\">\t\t\t\t\t\t\t\t\n\t\t\t\t\t\t\t\t\t\t\t\t\t\t\t\t<div class=\"position-re position-re-order-carousel o-hidden\">\n\t\t\t\t\t\t\t\t\t<div class=\"cd-pt-ab\">\n\t\t\t\t\t\t\t\t\t<img decoding=\"async\" src=\"https:\/\/salsedesign.com\/wp-content\/uploads\/2026\/02\/Salse_funk.jpg\" alt=\"Letourneux\">\n\t\t\t\t\t\t\t\t\t<\/div>\n\t\t\t\t\t\t\t\t<\/div>\n\t\t\t\t\t\t\t\t\t\t\t\t\t\t\t\t<div class=\"con overlay-full-auto\">\n\t\t\t\t\t\t\t\t\t<h6 class=\"category\"><span class=\"cat-divider\">Lighter  <\/span><\/h6>\n\t\t\t\t\t\t\t\t\t<h5 class=\"title bn-post-title-grid\">Letourneux<\/h5>\n\t\t\t\t\t\t\t\t\t<div class=\"line\"><\/div>\n\t\t\t\t\t\t\t\t\t\t\n\t\t\t\t\t\t\t\t\t\t<i class=\"ti-arrow-right\"><\/i>\n\t\t\t\t\t\t\t\t\t\t\t\t\t\t\t\t\n\t\t\t\t\t\t\t\t<\/div>\t\t\t\t\t\t\t\t\t\n\t\t\t\t\t\t\t<\/div>\t\n\t\t\t\t\t\t<\/a>\t\t\t\t\t\t\t\t\t\t\n\t\t\t\t\t<\/div>\n\t\t\t\t\t\t\t\t\t\t\n\t\t\t\t\t\t\t\t\t\n\t\t\t\t\t\t\t\t\t\t<div class=\"isotope-item col-md-6 bois fonce\">\n\t\t\t\t\t    <a href=\"https:\/\/salsedesign.com\/en_ca\/portfolio\/davidson\/\" class=\"position-re-block\">\n\t\t\t\t\t\t\t<div class=\"item\">\t\t\t\t\t\t\t\t\n\t\t\t\t\t\t\t\t\t\t\t\t\t\t\t\t<div class=\"position-re position-re-order-carousel o-hidden\">\n\t\t\t\t\t\t\t\t\t<div class=\"cd-pt-ab\">\n\t\t\t\t\t\t\t\t\t<img decoding=\"async\" src=\"https:\/\/salsedesign.com\/wp-content\/uploads\/2026\/02\/salse_cuisine_robert.jpg\" alt=\"Davidson\">\n\t\t\t\t\t\t\t\t\t<\/div>\n\t\t\t\t\t\t\t\t<\/div>\n\t\t\t\t\t\t\t\t\t\t\t\t\t\t\t\t<div class=\"con overlay-full-auto\">\n\t\t\t\t\t\t\t\t\t<h6 class=\"category\"><span class=\"cat-divider\">Wood  <\/span><span class=\"cat-divider\">Darker  <\/span><\/h6>\n\t\t\t\t\t\t\t\t\t<h5 class=\"title bn-post-title-grid\">Davidson<\/h5>\n\t\t\t\t\t\t\t\t\t<div class=\"line\"><\/div>\n\t\t\t\t\t\t\t\t\t\t\n\t\t\t\t\t\t\t\t\t\t<i class=\"ti-arrow-right\"><\/i>\n\t\t\t\t\t\t\t\t\t\t\t\t\t\t\t\t\n\t\t\t\t\t\t\t\t<\/div>\t\t\t\t\t\t\t\t\t\n\t\t\t\t\t\t\t<\/div>\t\n\t\t\t\t\t\t<\/a>\t\t\t\t\t\t\t\t\t\t\n\t\t\t\t\t<\/div>\n\t\t\t\t\t\t\t\t\t\t\n\t\t\t\t\t\t\t\t\t\n\t\t        <\/div> \n\t\t    <\/div> \t\t\t\n\t\t<\/div>\n\t\t\n        \t\t\t\t<\/div>\n\t\t\t\t<\/div>\n\t\t\t\t\t<\/div>\n\t\t<\/div>\n\t\t\t\t\t<\/div>\n\t\t<\/div>\n\t\t\t\t\t<\/div>\n\t\t<\/div>\n\t\t\t\t\t<\/div>\n\t\t<\/section>\n\t\t\t\t<section class=\"elementor-section elementor-top-section elementor-element elementor-element-323b387 elementor-section-full_width elementor-section-height-min-height elementor-section-stretched elementor-section-height-default elementor-section-items-middle\" data-id=\"323b387\" data-element_type=\"section\" data-e-type=\"section\" data-settings=\"{&quot;background_background&quot;:&quot;classic&quot;,&quot;stretch_section&quot;:&quot;section-stretched&quot;}\">\n\t\t\t\t\t\t\t<div class=\"elementor-background-overlay\"><\/div>\n\t\t\t\t\t\t\t<div class=\"elementor-container elementor-column-gap-default\">\n\t\t\t\t\t<div class=\"elementor-column elementor-col-100 elementor-top-column elementor-element elementor-element-682a0c8\" data-id=\"682a0c8\" data-element_type=\"column\" data-e-type=\"column\" data-settings=\"{&quot;background_background&quot;:&quot;classic&quot;}\">\n\t\t\t<div class=\"elementor-widget-wrap elementor-element-populated\">\n\t\t\t\t\t\t<div class=\"elementor-section elementor-inner-section elementor-element elementor-element-1e7db08 elementor-section-boxed elementor-section-height-default elementor-section-height-default\" data-id=\"1e7db08\" data-element_type=\"section\" data-e-type=\"section\">\n\t\t\t\t\t\t<div class=\"elementor-container elementor-column-gap-default\">\n\t\t\t\t\t<div class=\"elementor-column elementor-col-33 elementor-inner-column elementor-element elementor-element-5abb685\" data-id=\"5abb685\" data-element_type=\"column\" data-e-type=\"column\">\n\t\t\t<div class=\"elementor-widget-wrap\">\n\t\t\t\t\t\t\t<\/div>\n\t\t<\/div>\n\t\t\t\t<div class=\"elementor-column elementor-col-33 elementor-inner-column elementor-element elementor-element-0568388\" data-id=\"0568388\" data-element_type=\"column\" data-e-type=\"column\">\n\t\t\t<div class=\"elementor-widget-wrap\">\n\t\t\t\t\t\t\t<\/div>\n\t\t<\/div>\n\t\t\t\t<div class=\"elementor-column elementor-col-33 elementor-inner-column elementor-element elementor-element-a843d9e\" data-id=\"a843d9e\" data-element_type=\"column\" data-e-type=\"column\" data-settings=\"{&quot;background_background&quot;:&quot;classic&quot;}\">\n\t\t\t<div class=\"elementor-widget-wrap elementor-element-populated\">\n\t\t\t\t\t\t<div class=\"elementor-element elementor-element-d19f9cf elementor-widget elementor-widget-bauen-title\" data-id=\"d19f9cf\" data-element_type=\"widget\" data-e-type=\"widget\" data-widget_type=\"bauen-title.default\">\n\t\t\t\t<div class=\"elementor-widget-container\">\n\t\t\t\t\t\t\t\n\t\t\t\t\t\t\t\t<h2 class=\"section-title2 text-left\">Your dream kitchen starts here<\/h2>\n\t\t\t\t\t\t\t\t\t\t\t\n\t\t\n\t\t\t\n        \t\t\t\t<\/div>\n\t\t\t\t<\/div>\n\t\t\t\t<div class=\"elementor-element elementor-element-29cf34a elementor-widget elementor-widget-bauen-text\" data-id=\"29cf34a\" data-element_type=\"widget\" data-e-type=\"widget\" data-widget_type=\"bauen-text.default\">\n\t\t\t\t<div class=\"elementor-widget-container\">\n\t\t\t\t\t\t\t<div class=\"bn-text-block clear\">\n\t\t<p>Book an appointment with our team to discuss your space.<\/p>\t\t<\/div>\n\t\t\t\t\t\t<\/div>\n\t\t\t\t<\/div>\n\t\t\t\t<div class=\"elementor-element elementor-element-c66b0a7 elementor-widget elementor-widget-bauen-button\" data-id=\"c66b0a7\" data-element_type=\"widget\" data-e-type=\"widget\" data-widget_type=\"bauen-button.default\">\n\t\t\t\t<div class=\"elementor-widget-container\">\n\t\t\t\t\t\t\t\t\t<div class=\"sec-button text-right\">\t\t\n\t\t\t<button class=\"butn-dark\">\n\t\t\t\t<a href=\"https:\/\/salsedesign.com\/en_ca\/nous-joindre\/\" target=\"_self\" rel=\"noopener noreferrer\">\n\t\t\t\t\t\t\t\t\t\t<span class=\"bn-btn-content\">Book an Appointment<\/span>\n\t\t\t\t\t\t\t\t\t\t\n\t\t\t\t<\/a>\n\t\t\t<\/button>\t\n\t\t<\/div>\t\t\n\t\t        \t\t\t\t<\/div>\n\t\t\t\t<\/div>\n\t\t\t\t\t<\/div>\n\t\t<\/div>\n\t\t\t\t\t<\/div>\n\t\t<\/div>\n\t\t\t\t\t<\/div>\n\t\t<\/div>\n\t\t\t\t\t<\/div>\n\t\t<\/section>\n\t\t\t\t<\/div>","protected":false},"excerpt":{"rendered":"<p>nos R\u00e9alisations Pour nous, chaque cuisine est unique \u2014 tout comme le sont nos clients. Voici une s\u00e9lection de r\u00e9alisations con\u00e7ues pour vous inspirer et refl\u00e8tent notre savoir-faire en design de cuisine personnalis\u00e9 \u00e0 Montr\u00e9al. Chez Salse Design, chaque projet est une qu\u00eate d&#8217;\u00e9quilibre entre votre vision personnelle et notre expertise technique. De la conception d&#8217;armoires de cuisine sur mesure&#8230;<\/p>","protected":false},"author":1,"featured_media":9081,"parent":0,"menu_order":0,"comment_status":"closed","ping_status":"closed","template":"","meta":{"footnotes":"","_links_to":"","_links_to_target":""},"class_list":["post-1299","page","type-page","status-publish","has-post-thumbnail","hentry"],"_links":{"self":[{"href":"https:\/\/salsedesign.com\/en_ca\/wp-json\/wp\/v2\/pages\/1299","targetHints":{"allow":["GET"]}}],"collection":[{"href":"https:\/\/salsedesign.com\/en_ca\/wp-json\/wp\/v2\/pages"}],"about":[{"href":"https:\/\/salsedesign.com\/en_ca\/wp-json\/wp\/v2\/types\/page"}],"author":[{"embeddable":true,"href":"https:\/\/salsedesign.com\/en_ca\/wp-json\/wp\/v2\/users\/1"}],"replies":[{"embeddable":true,"href":"https:\/\/salsedesign.com\/en_ca\/wp-json\/wp\/v2\/comments?post=1299"}],"version-history":[{"count":0,"href":"https:\/\/salsedesign.com\/en_ca\/wp-json\/wp\/v2\/pages\/1299\/revisions"}],"wp:featuredmedia":[{"embeddable":true,"href":"https:\/\/salsedesign.com\/en_ca\/wp-json\/wp\/v2\/media\/9081"}],"wp:attachment":[{"href":"https:\/\/salsedesign.com\/en_ca\/wp-json\/wp\/v2\/media?parent=1299"}],"curies":[{"name":"wp","href":"https:\/\/api.w.org\/{rel}","templated":true}]}}